{"id":7902,"date":"2023-04-24T14:10:23","date_gmt":"2023-04-24T12:10:23","guid":{"rendered":"https:\/\/union-special.com\/cookie-directive-eu\/"},"modified":"2023-05-02T13:36:14","modified_gmt":"2023-05-02T11:36:14","slug":"cookie-directive-eu","status":"publish","type":"page","link":"https:\/\/union-special.com\/en\/cookie-directive-eu\/","title":{"rendered":"Cookie-Directive (EU)"},"content":{"rendered":"\t\t<div data-elementor-type=\"wp-page\" data-elementor-id=\"7902\" class=\"elementor elementor-7902 elementor-777\" data-elementor-post-type=\"page\">\n\t\t\t\t\t\t<section class=\"elementor-section elementor-top-section elementor-element elementor-element-7b91e412 elementor-section-boxed elementor-section-height-default elementor-section-height-default\" data-id=\"7b91e412\" data-element_type=\"section\" data-e-type=\"section\">\n\t\t\t\t\t\t<div class=\"elementor-container elementor-column-gap-default\">\n\t\t\t\t\t<div class=\"elementor-column elementor-col-100 elementor-top-column elementor-element elementor-element-74423b7c\" data-id=\"74423b7c\" data-element_type=\"column\" data-e-type=\"column\">\n\t\t\t<div class=\"elementor-widget-wrap elementor-element-populated\">\n\t\t\t\t\t\t<div class=\"elementor-element elementor-element-5335756 elementor-widget elementor-widget-text-editor\" data-id=\"5335756\" data-element_type=\"widget\" data-e-type=\"widget\" data-widget_type=\"text-editor.default\">\n\t\t\t\t<div class=\"elementor-widget-container\">\n\t\t\t\t\t\t\t\t\t<h1>DATENSCHUTZ<\/h1>\r\n<h3><\/h3>\r\n<h3>Datenschutzerkl\u00e4rung und Hinweise zur Datenverarbeitung<\/h3>\r\n<h3>Kontaktdaten verantwortliche Stelle und Datenschutzbeauftragter<\/h3>\r\n<h3>Verantwortliche Stelle:<\/h3>\r\nUnion Special GmbH\r\nRaiffeisenstra\u00dfe 3\r\n71696 M\u00f6glingen\r\nTelefon: 07141 \/ 247-0\r\nTelefax: 07141 \/ 247-100\r\nE-Mail: <a href=\"mailto:Sales@UnionSpecial.de\">Sales@UnionSpecial.de<\/a>\r\n<a href=\"http:\/\/www.unionspecial.de\/\">www.unionspecial.de<\/a>\r\n<h3>Datenschutzbeauftragter:<\/h3>\r\nDer Datenschutzbeauftragte ist unter der o.g. Anschrift beziehungsweise unter <a href=\"mailto:Datenschutz@UnionSpecial.de\">Datenschutz@UnionSpecial.de<\/a> erreichbar.\r\n<h3>1. Datenschutz<\/h3>\r\nWir freuen uns \u00fcber Ihren Besuch auf unseren Webseiten und Ihr Interesse an unseren Angeboten. Der Schutz Ihrer personenbezogenen Daten ist f\u00fcr uns ein wichtiges Anliegen. In diesen Datenschutzhinweisen erkl\u00e4ren wir, wie wir Ihre personenbezogenen Daten erheben, was wir damit tun, f\u00fcr welche Zwecke und auf welchen Rechtsgrundlagen dies geschieht, und welche Rechte und Anspr\u00fcche sich damit f\u00fcr Sie verbinden.\r\n\r\nUnsere Datenschutzhinweise f\u00fcr den Gebrauch unserer Webseiten gelten nicht f\u00fcr Ihre Aktivit\u00e4ten auf den Webseiten von sozialen Netzwerken oder anderen Anbietern, die Sie \u00fcber die Links auf unseren Webseiten erreichen k\u00f6nnen. Bitte informieren Sie sich auf den Webseiten dieser Anbieter \u00fcber deren Datenschutzbestimmungen.\r\n<h3>2. Zwecke der Verarbeitung<\/h3>\r\nDie bei einem Besuch unserer Webseiten erhobenen personenbezogenen Daten verwenden wir, um diese f\u00fcr Sie m\u00f6glichst komfortabel zu betreiben sowie unsere IT-Systeme vor Angriffen und anderen rechtswidrigen Handlungen zu sch\u00fctzen.\r\n<h3>2.1 Einwilligung (Art. 6 Abs. 1a DS-GVO)<\/h3>\r\nEine Verarbeitung von personenbezogenen Daten f\u00fcr bestimmte Zwecke (z. B. Kundenverwaltung, Abwicklung und Abrechnung etwaiger Gesch\u00e4ftsvorg\u00e4nge,\u00a0 Weitergabe an andere Dritte, Auswertung von Daten f\u00fcr Marketingzwecke usw.) findet statt, wenn Sie uns eine Einwilligung erteilt haben.\r\n<h3>2.2 Vertragliche oder vorvertragliche Pflichten (Art. 6 Abs. 1b DS-GVO)<\/h3>\r\nWir verarbeiten personenbezogene Daten, deren Angabe erforderlich ist f\u00fcr die Erf\u00fcllung eines Vertrags, dessen Vertragspartei Sie sind, oder zur Durchf\u00fchrung vorvertraglicher Ma\u00dfnahmen, die auf Ihre Anfrage erfolgen. Die Zwecke der Datenverarbeitung richtet sich nach dem konkreten Vertrag (z. B. Kauf-, Liefer-, Arbeitsvertrag) und k\u00f6nnen unter anderem Auswertungen, Beratung sowie die Durchf\u00fchrung von weiteren Aktionen umfassen. Personenbezogene Daten von Besch\u00e4ftigten verarbeiten wir f\u00fcr Zwecke des Besch\u00e4ftigungsverh\u00e4ltnisses, wenn dies f\u00fcr die Entscheidung \u00fcber die Begr\u00fcndung eines Besch\u00e4ftigungsverh\u00e4ltnisses oder nach Begr\u00fcndung des Besch\u00e4ftigungsverh\u00e4ltnisses f\u00fcr dessen Durchf\u00fchrung oder Beendigung oder zur Aus\u00fcbung oder Erf\u00fcllung der sich aus einem Gesetz ergebenden Rechte und Pflichten erforderlich ist.\r\n<h3>2.3 Gesetzliche Vorgaben (Art. 6 Abs. 1c DS-GVO)<\/h3>\r\nAufgrund rechtlicher Verpflichtung erfolgt eine Datenverarbeitung z.B. f\u00fcr Zwecke der Betrugs- und Geldw\u00e4schepr\u00e4vention, Erf\u00fcllung steuerrechtlicher Kontroll- und Meldepflichten und der Auskunft an Beh\u00f6rden.\r\n<h3>2.4 Interessenabw\u00e4gung (Art. 6 Abs. 1f DS-GVO)<\/h3>\r\nZur Wahrung berechtigter Interessen von uns oder Dritten erfolgt dar\u00fcber hinaus eine Datenverarbeitung f\u00fcr bestimmte Zwecke nach vorheriger Interessenabw\u00e4gung, z.B. zur Sicherstellung des Hausrechts, Wahrung rechtlicher Anspr\u00fcche, Aufkl\u00e4rung von Straftaten, Ermittlung von Ausfallrisiken, optimierten Produktentwicklung, optimierten Kundenansprache zu Werbezwecken, optimierten Bedarfsplanung oder zur Sicherstellung der Datensicherheit.\r\n<h3>3. Weitergehende Datenverarbeitung im Rahmen der Webseiten-Nutzung<\/h3>\r\n<h3>3.1 Pseudonymisierte Nutzung der Internetseite<\/h3>\r\nSie k\u00f6nnen unsere Internetseiten grunds\u00e4tzlich besuchen, ohne uns personenbezogene Daten mitzuteilen. Pseudonymisierte Nutzungsdaten werden nicht mit den Daten des Tr\u00e4gers des Pseudonyms zusammengef\u00fchrt. Eine Erstellung von pseudonymen Nutzungsprofilen findet nicht statt.\r\n<h3>3.2 Statistische Auswertung der Besuche dieser Internetseite<\/h3>\r\nWir erheben, verarbeiten und speichern bei dem Aufruf dieser Internetseite oder einzelner Dateien der Internetseite folgende Daten: IP-Adresse, Webseite, von der aus die Datei abgerufen wurde, Name der Datei, Datum und Uhrzeit des Abrufs, \u00fcbertragene Datenmenge und Meldung \u00fcber den Erfolg des Abrufs (sog. Web-Log). Diese Zugriffsdaten verwenden wir ausschlie\u00dflich in nicht personalisierter Form f\u00fcr die stetige Verbesserung unseres Internetangebots und zu statistischen Zwecken.\r\n<h3>3.3 Google Analytics<\/h3>\r\nDiese Webseite benutzt Google Analytics, einen Webanalysedienst der Google Inc. (nachfolgend: Google). Google Analytics verwendet sog. &#8216;Cookies&#8217;, das sind Textdateien, die auf Ihrem Computer gespeichert werden und die eine Analyse der Benutzung der Webseite durch Sie erm\u00f6glichen. Die durch den Cookie erzeugten Informationen \u00fcber Ihre Benutzung dieser Webseite werden in der Regel an einen Server von Google in den USA \u00fcbertragen und dort gespeichert. Im Falle der Aktivierung der IP-Anonymisierung auf dieser Webseite, wird Ihre IP-Adresse von Google jedoch innerhalb von Mitgliedstaaten der Europ\u00e4ischen Union oder in anderen Vertragsstaaten des Abkommens \u00fcber den Europ\u00e4ischen Wirtschaftsraum zuvor gek\u00fcrzt. Nur in Ausnahmef\u00e4llen wird die volle IP-Adresse an einen Server von Google in den USA \u00fcbertragen und dort gek\u00fcrzt. Im Auftrag des Betreibers dieser Webseite wird Google diese Informationen benutzen, um Ihre Nutzung der Webseite auszuwerten, um Reports \u00fcber die Webseitenaktivit\u00e4ten zusammenzustellen und um weitere mit der Webseitennutzung und der Internetnutzung verbundene Dienstleistungen gegen\u00fcber dem Webseitenbetreiber zu erbringen. Google versichert, dass die im Rahmen von Google Analytics von Ihrem Browser \u00fcbermittelte IP-Adresse nicht mit anderen Daten von Google zusammengef\u00fchrt wird.\r\nSie k\u00f6nnen die Speicherung der Cookies durch eine entsprechende Einstellung Ihrer Browser-Software verhindern; wir weisen Sie jedoch darauf hin, dass Sie in diesem Fall gegebenenfalls nicht s\u00e4mtliche Funktionen dieser Webseite nutzen k\u00f6nnen werden.\r\n\r\nSie k\u00f6nnen dar\u00fcber hinaus die Erfassung der durch das Cookie erzeugten und auf Ihre Nutzung der Webseite bezogenen Daten (inkl. Ihrer IP-Adresse) an Google sowie die Verarbeitung dieser Daten durch Google verhindern. Laden Sie dazu das unter dem folgenden Link <a href=\"http:\/\/tools.google.com\/dlpage\/gaoptout?hl=de\">http:\/\/tools.google.com\/dlpage\/gaoptout?hl=de<\/a> verf\u00fcgbare Browser-Add-on herunter und installieren Sie es.\r\nWeitere Informationen finden Sie unter <a href=\"http:\/\/www.google.com\/intl\/de\/policies\/privacy\/\">http:\/\/www.google.com\/intl\/de\/policies\/privacy\/<\/a> (Datenschutzerkl\u00e4rung von Google).\r\nWir weisen Sie darauf hin, dass auf dieser Webseite Google Analytics um den Code gat._anonymizeIp(); erweitert wurde, um eine anonymisierte Erfassung von IP-Adressen (sog. IP-Masking) zu gew\u00e4hrleisten.\r\n<h3>3.4 Plugins \/ Verarbeitung von Daten au\u00dferhalb der EU<\/h3>\r\nAuf unserer Internetseite verwenden wir aktive Java-Script Inhalte von externen Anbietern. Durch Aufruf unserer Internetseite erhalten diese externen Anbieter ggf. personenbezogene Informationen \u00fcber Ihren Besuch auf unserer Internetseite. Sie k\u00f6nnen dies verhindern, indem Sie einen Java-Script-Blocker oder Java-Script in Ihrem Browser deaktivieren. Hierdurch kann es zu Funktionseinschr\u00e4nkungen auf Internetseiten kommen, die Sie besuchen.\r\n<h3>4. \u00dcbertragung personenbezogener Daten an Dritte; Social Plug-ins<\/h3>\r\nUnsere Webseiten k\u00f6nnen auch Angebote Dritter enthalten. Wenn Sie ein solches Angebote anklicken, \u00fcbertragen wir im erforderlichen Umfang Daten an den jeweiligen Anbieter (z. B. die Angabe, dass Sie dieses Angebot bei uns gefunden haben).\r\nWenn wir auf unseren Webseiten sogenannte \u201eSocial Plug-ins\u201c sozialer Netzwerke wie youtube einsetzen, binden wir diese wie folgt ein:\r\nWenn Sie unsere Webseiten besuchen, sind die Social Plug-ins deaktiviert, d.h. es findet keine \u00dcbertragung irgendwelcher Daten an die Betreiber dieser Netzwerke statt. Falls Sie eines der Netzwerke nutzen m\u00f6chten, klicken Sie auf das jeweilige Social Plug-in, um eine direkte Verbindung mit dem Server des jeweiligen Netzwerks aufzubauen.\r\nFalls Sie bei dem Netzwerk ein Nutzerkonto haben und im Moment des Aktivierens des Social Plug-ins dort eingeloggt sind, kann das Netzwerk Ihren Besuch der unserer Webseiten Ihrem Nutzerkonto zuordnen. Wenn Sie das vermeiden m\u00f6chten, loggen Sie sich bitte vor der Aktivierung des Social Plug-ins aus dem Netzwerk aus.\r\nWenn Sie ein Social Plug-in aktivieren, \u00fcbertr\u00e4gt das Netzwerk die dadurch verf\u00fcgbar werdenden Inhalte direkt an Ihren Browser, der sie in unsere Webseiten einbindet. In dieser Situation k\u00f6nnen auch Daten\u00fcbertragungen stattfinden, die vom jeweiligen sozialen Netzwerk initiiert und gesteuert werden. F\u00fcr Ihre Verbindung zu einem sozialen Netzwerk, die zwischen dem Netzwerk und Ihrem System stattfindenden Daten\u00fcbertragungen und f\u00fcr Ihre Interaktionen auf dieser Plattform gelten ausschlie\u00dflich die Datenschutzbestimmungen des jeweiligen Netzwerks.\r\nDas Social Plug-in bleibt aktiv, bis Sie es deaktivieren oder Ihre Cookies l\u00f6schen.\r\nWenn Sie den Link zu einem Angebot anklicken oder ein Social Plug-in aktivieren, kann es sein, dass personenbezogene Daten zu Anbietern in L\u00e4ndern au\u00dferhalb des Europ\u00e4ischen Wirtschaftsraums gelangen, die aus der Sicht der Europ\u00e4ischen Union (\u201eEU\u201c) kein den EU-Standards entsprechendes \u201eangemessenes Schutzniveau\u201c f\u00fcr die Verarbeitung personenbezogener Daten gew\u00e4hrleisten. Bitte denken Sie an diesen Umstand, bevor Sie einen Link anklicken oder ein Social Plug-in aktivieren und damit eine \u00dcbertragung Ihrer Daten ausl\u00f6sen.\r\n<h3>5. Unterrichtung \u00fcber die Nutzung von Cookies<\/h3>\r\nAuf verschiedenen Seiten verwenden wir Cookies, um den Besuch unserer Webseite attraktiv zu gestalten und die Nutzung bestimmter Funktionen zu erm\u00f6glichen. Bei den sog. &#8216;Cookies&#8217; handelt es sich um kleine Textdateien, die Ihr Browser auf Ihrem Rechner ablegen kann. Der Vorgang des Ablegens einer Cookie-Datei wird auch &#8216;ein Cookie setzen&#8217; genannt. Sie k\u00f6nnen Ihren Browser selbst nach Ihren W\u00fcnschen so einstellen, dass Sie \u00fcber das Setzen von Cookies informiert werden, von Fall zu Fall \u00fcber die Annahme entscheiden oder die Annahme von Cookies grunds\u00e4tzlich akzeptieren oder grunds\u00e4tzlich ausschlie\u00dfen. Wie das im Einzelnen funktioniert, entnehmen Sie bitte der Anleitung Ihres Browser bzw. Endger\u00e4te Herstellers. Cookies k\u00f6nnen zu unterschiedlichen Zwecken eingesetzt werden, z.B. um zu erkennen, dass Ihr PC schon einmal eine Verbindung zu einem Webangebot hatte (dauerhafte Cookies) oder um zuletzt angesehene Angebote zu speichern (Sitzungs-Cookies). Wir setzen Cookies ein, um Ihnen einen gesteigerten Benutzerkomfort zu bieten. Die meisten der von uns verwendeten Cookies werden nach Ende der Browser-Sitzung wieder von Ihrer Festplatte gel\u00f6scht (Sitzungs-Cookies). Andere Cookies verbleiben auf Ihrem Rechner und erm\u00f6glichen es uns, Ihren Rechner bei Ihrem n\u00e4chsten Besuch wieder zu erkennen (dauerhafte Cookies). Durch die Art und Weise wie wir Cookies einsetzen, entstehen Ihnen weder Nachteile noch Risiken. Um unsere Komfortfunktionen zu nutzen, empfehlen wir Ihnen, die Annahme von Cookies f\u00fcr unser Webangebot zu erlauben. Bei Nichtannahme von Cookies kann die Funktionalit\u00e4t unserer Webseite eingeschr\u00e4nkt sein.\r\n\r\nZur Verwaltung der eingesetzten Cookies und \u00e4hnlichen Technologien (Tracking-Pixel, Web-Beacons etc.) und diesbez\u00fcglicher Einwilligungen setzen wir das Consent Tool &#8220;Real Cookie Banner&#8221; ein. Details zur Funktionsweise von &#8220;Real Cookie Banner&#8221; findest du unter &lt;a href=&#8221;https:\/\/devowl.io\/de\/rcb\/datenverarbeitung\/&#8221; rel=&#8221;noreferrer&#8221; target=&#8221;_blank&#8221;&gt;https:\/\/devowl.io\/de\/rcb\/datenverarbeitung\/&lt;\/a&gt;.\r\n\r\n&nbsp;\r\n\r\nRechtsgrundlagen f\u00fcr die Verarbeitung von personenbezogenen Daten in diesem Zusammenhang sind Art. 6 Abs. 1 lit. c DS-GVO und Art. 6 Abs. 1 lit. f DS-GVO. Unser berechtigtes Interesse ist die Verwaltung der eingesetzten Cookies und \u00e4hnlichen Technologien und der diesbez\u00fcglichen Einwilligungen.\r\n\r\n&nbsp;\r\n\r\nDie Bereitstellung der personenbezogenen Daten ist weder vertraglich vorgeschrieben noch f\u00fcr den Abschluss eines Vertrages notwendig. Du bist nicht verpflichtet die personenbezogenen Daten bereitzustellen. Wenn du die personenbezogenen Daten nicht bereitstellst, k\u00f6nnen wir deine Einwilligungen nicht verwalten.\r\n<h3>6. Sicherheit<\/h3>\r\nDiese Seite nutzt aus Gr\u00fcnden der Sicherheit und zum Schutz der \u00dcbertragung vertraulicher Inhalte, wie zum Beispiel der Anfragen, die Sie an uns als Seitenbetreiber senden, eine SSL-Verschl\u00fcsselung. Eine verschl\u00fcsselte Verbindung erkennen Sie daran, dass die Adresszeile des Browsers von \u201chttp:\/\/\u201d auf \u201chttps:\/\/\u201d wechselt und an dem Schloss-Symbol in Ihrer Browserzeile.\r\nWir setzen technische und organisatorische Sicherheitsma\u00dfnahmen ein, um Ihre durch uns verwalteten Daten gegen Manipulationen, Verlust, Zerst\u00f6rung und gegen den Zugriff unberechtigter Personen zu sch\u00fctzen. Wir verbessern unsere Sicherheitsma\u00dfnahmen fortlaufend entsprechend der technologischen Entwicklung.\r\n<h3>7. Kategorien von Empf\u00e4ngern<\/h3>\r\nZur Erf\u00fcllung der vorgesehenen Zwecke kann auf die jeweils erforderlichen Daten ein abteilungs\u00fcbergreifender Zugriff innerhalb unseres Unternehmens stattfinden. Auch von uns eingesetzte Auftragsverarbeiter k\u00f6nnen f\u00fcr bestimmte Zwecke Daten erhalten, z.B. f\u00fcr IT-Dienstleistungen, Aktenvernichtung und Marketing. Weitere Empf\u00e4nger personenbezogener Daten k\u00f6nnen dar\u00fcber hinaus z. B. \u00f6ffentliche Stellen, Kredit- und Finanzdienstleistungsinstitute, Rechtsanw\u00e4lte und Steuerberater oder Auskunfteien sein.\r\n<h3>8. \u00dcbermittlung in ein Drittland oder an eine internationale Organisation<\/h3>\r\nEine Daten\u00fcbermittlung in Drittstaaten findet nur statt, soweit dies z.B. zur Durchf\u00fchrung eines Vertrags erforderlich oder gesetzlich vorgeschrieben ist oder Sie uns Ihre Einwilligung erteilt haben. Im Rahmen der Wartung von IT-Komponenten ist dar\u00fcber hinaus nicht auszuschlie\u00dfen, dass ein IT-Dienstleister aus einem Drittland (z. B. USA) in seltenen F\u00e4llen Einsicht in personenbezogene Daten erhalten k\u00f6nnte. Ansonsten findet keine \u00dcbermittlung von personenbezogenen Daten in Drittl\u00e4nder oder an eine internationale Organisation statt.\r\n<h3>9. Dauer der Datenspeicherung<\/h3>\r\nF\u00fcr die Dauer der Vertragsbeziehung werden die personenbezogenen Daten bei uns gespeichert, dar\u00fcber hinaus betragen gesetzliche Verj\u00e4hrungsfristen in der Regel drei Jahre. Es gelten verschiedene Aufbewahrungs- und Dokumentationspflichten z.B. aus dem Handelsgesetzbuch (HGB) und der Abgabenordnung (AO), die bis zu zehn Jahre betragen.\r\n<h3>10. Recht auf Auskunft, Berichtigung, L\u00f6schung, Einschr\u00e4nkung, Daten\u00fcbertragbarkeit<\/h3>\r\nSie haben das Recht auf Auskunft nach Art. 15 DS-GVO, das Recht auf Berichtigung nach Art. 16 DS-GVO, das Recht auf L\u00f6schung nach Art. 17 DS-GVO, das Recht auf Einschr\u00e4nkung der Verarbeitung nach Art. 18 DS-GVO sowie das Recht auf Daten\u00fcbertragbarkeit aus Art. 20 DS-GVO. Beim Auskunfts- sowie beim L\u00f6schungsrecht gelten die Einschr\u00e4nkungen nach \u00a7\u00a734 und 35 BDSG.\r\n<h3>11. Widerruf von Einwilligungen<\/h3>\r\nEine erteilte Einwilligung k\u00f6nnen Sie jederzeit widerrufen. Der Zusendung unseres Newsletters k\u00f6nnen Sie auch durch Anklicken des Abmeldelinks im Newsletter widersprechen. Bitte beachten Sie, dass Ihr Widerruf erst f\u00fcr die Zukunft wirkt.\r\n<h3>12. Bestehen eines Beschwerderechts<\/h3>\r\nDar\u00fcber hinaus haben Sie ein Beschwerderecht bei einer Datenschutzaufsichtsbeh\u00f6rde (Art. 77 DS-GVO i. V. m. \u00a7 19 BDSG).\r\n<h3>13. Pflicht zur Bereitstellung von Daten<\/h3>\r\nSie m\u00fcssen nur diejenigen personenbezogenen Daten bereitstellen, die f\u00fcr die Begr\u00fcndung, Durchf\u00fchrung und Beendigung eines Vertrags erforderlich sind oder zu deren Erhebung wir gesetzlich verpflichtet sind. Sollten Sie uns die notwendigen Informationen und Unterlagen nicht zur Verf\u00fcgung stellen, d\u00fcrfen wir die von Ihnen gew\u00fcnschte Gesch\u00e4ftsbeziehung nicht aufnehmen oder fortsetzen.\r\n<h3>14. Automatisierte Entscheidungsfindung im Einzelfall<\/h3>\r\nZur Begr\u00fcndung und Durchf\u00fchrung der Gesch\u00e4ftsbeziehung nutzen wir grunds\u00e4tzlich keine vollautomatisierte Entscheidungsfindung. Sollten wir diese Verfahren in Einzelf\u00e4llen einsetzen, werden wir Sie hier\u00fcber gesondert informieren, sofern dies gesetzlich vorgegeben ist.\r\n<h3>15. Profiling<\/h3>\r\nWir verarbeiten teilweise Ihre Daten automatisiert mit dem Ziel, bestimmte pers\u00f6nliche Aspekte zu bewerten (Profiling), z.B. Auswertung zur zielgerichteten Kundenansprache, bedarfsgerechten Werbung einschlie\u00dflich Markt- und Meinungsforschung sowie zum Scoring bzw. Rating. In die Auswertung k\u00f6nnen beispielsweise Daten zum Zahlungsverhalten (z. B. Kontoums\u00e4tze, Salden) sowie Kriterien wie Branchenzugeh\u00f6rigkeit und Erfahrungen aus der bisherigen Gesch\u00e4ftsbeziehung einflie\u00dfen.\r\n<h3>16. Kategorien personenbezogener Daten<\/h3>\r\nFolgende Kategorien personenbezogener Daten verarbeiten wir beispielsweise: Personenstammdaten, Vertragsstammdaten, Vertragsdurchf\u00fchrungs- und Beendigungsdaten, Auftragsdaten,\u00a0 Daten zur Erf\u00fcllung rechtlicher Verpflichtungen, Bonit\u00e4tsdaten, Scoring-\/Ratingdaten, Werbe- und Vertriebsdaten, Daten \u00fcber Ihre Nutzung von unseren angebotenen Telemedien (z.B. Zeitpunkt des Aufrufs unserer Webseiten, Apps oder Newsletter, angeklickte Seiten von uns bzw. Eintr\u00e4ge) sowie andere mit den genannten Kategorien vergleichbare Daten.\r\n\r\nZur Verwaltung der eingesetzten Cookies und \u00e4hnlichen Technologien (Tracking-Pixel, Web-Beacons etc.) und diesbez\u00fcglicher Einwilligungen setzen wir das Consent Tool &#8220;Real Cookie Banner&#8221; ein. Details zur Funktionsweise von &#8220;Real Cookie Banner&#8221; findest du unter &lt;a href=&#8221;https:\/\/devowl.io\/de\/rcb\/datenverarbeitung\/&#8221; rel=&#8221;noreferrer&#8221; target=&#8221;_blank&#8221;&gt;https:\/\/devowl.io\/de\/rcb\/datenverarbeitung\/&lt;\/a&gt;.\r\n\r\n&nbsp;\r\n\r\nRechtsgrundlagen f\u00fcr die Verarbeitung von personenbezogenen Daten in diesem Zusammenhang sind Art. 6 Abs. 1 lit. c DS-GVO und Art. 6 Abs. 1 lit. f DS-GVO. Unser berechtigtes Interesse ist die Verwaltung der eingesetzten Cookies und \u00e4hnlichen Technologien und der diesbez\u00fcglichen Einwilligungen.\r\n\r\n&nbsp;\r\n\r\nDie Bereitstellung der personenbezogenen Daten ist weder vertraglich vorgeschrieben noch f\u00fcr den Abschluss eines Vertrages notwendig. Du bist nicht verpflichtet die personenbezogenen Daten bereitzustellen. Wenn du die personenbezogenen Daten nicht bereitstellst, k\u00f6nnen wir deine Einwilligungen nicht verwalten.\r\n<h3>17. Datenquellen<\/h3>\r\nDaten, die wir im Rahmen unserer Gesch\u00e4ftsbeziehung von Ihnen erhalten haben, verarbeiten wir ebenso wie von sonstigen Dritten zul\u00e4ssigerweise an uns \u00fcbermittelte Daten. Zum anderen erheben wir Daten aus \u00f6ffentlich zug\u00e4nglichen Quellen (z. B. Branchen- und Schuldnerverzeichnisse, Handelsregister, Presse).\r\n\r\nInformation \u00fcber Ihr Widerspruchsrecht nach Art. 21 Datenschutz-Grundverordnung (DS-GVO)\r\n\r\nEinzelfallbezogenes Widerspruchsrecht\r\n\r\nSie haben das Recht, aus Gr\u00fcnden, die sich aus Ihrer besonderen Situation ergeben, jederzeit gegen die Verarbeitung Sie betreffender personenbezogener Daten, die aufgrund von Artikel 6 Abs. 1e DS-GVO (Datenverarbeitung im \u00f6ffentlichen Interesse) und Artikel 6 Absatz 1f DS-GVO (Datenverarbeitung auf der Grundlage einer Interessenabw\u00e4gung) erfolgt, Widerspruch einzulegen; dies gilt auch f\u00fcr ein auf diese Bestimmung gest\u00fctztes Profiling. Legen Sie Widerspruch ein, werden wir Ihre personenbezogenen Daten nicht mehr verarbeiten, es sei denn, wir k\u00f6nnen zwingende schutzw\u00fcrdige Gr\u00fcnde f\u00fcr die Verarbeitung nachweisen, die Ihre Interessen, Rechte und Freiheiten \u00fcberwiegen, oder die Verarbeitung der Geltendmachung, Aus\u00fcbung oder Verteidigung von Rechtsanspr\u00fcchen dient.\r\n\r\nWiderspruchsrecht gegen eine Verarbeitung von Daten f\u00fcr Zwecke der Direktwerbung\r\n\r\nWir verarbeiten Ihre personenbezogenen Daten, um Direktwerbung zu betreiben. Sie haben das Recht, jederzeit Widerspruch gegen die Verarbeitung Sie betreffender personenbezogener Daten zum Zwecke derartiger Werbung einzulegen; dies gilt auch f\u00fcr das Profiling, soweit es mit solcher Direktwerbung in Verbindung steht. Widersprechen Sie der Verarbeitung f\u00fcr Zwecke der Direktwerbung, so werden wir Ihre personenbezogenen Daten nicht mehr f\u00fcr diese Zwecke verarbeiten. Der Widerspruch kann formfrei erfolgen und sollte m\u00f6glichst gerichtet werden an:\r\n\r\n&nbsp;\r\n\r\n&nbsp;\r\n\r\nUnion Special GmbH\r\nRaiffeisenstra\u00dfe 3\r\n71696 M\u00f6glingen\r\nTelefon: 07141 \/ 247-0\r\nTelefax: 07141 \/ 247-100\r\nE-Mail: <a href=\"mailto:Sales@UnionSpecial.de\">Sales@UnionSpecial.de<\/a>\r\n<a href=\"http:\/\/www.unionspecial.de\/\">www.unionspecial.de<\/a>\r\n\r\nStand April 2023\t\t\t\t\t\t\t\t<\/div>\n\t\t\t\t<\/div>\n\t\t\t\t<div class=\"elementor-element elementor-element-af5978e elementor-widget elementor-widget-button\" data-id=\"af5978e\" data-element_type=\"widget\" data-e-type=\"widget\" data-widget_type=\"button.default\">\n\t\t\t\t<div class=\"elementor-widget-container\">\n\t\t\t\t\t\t\t\t\t<div class=\"elementor-button-wrapper\">\n\t\t\t\t\t<a class=\"elementor-button elementor-button-link elementor-size-sm\" href=\"https:\/\/union-special.com\/wp-content\/uploads\/2023\/04\/090718_datenschutzerklaerung_us.pdf\">\n\t\t\t\t\t\t<span class=\"elementor-button-content-wrapper\">\n\t\t\t\t\t\t\t\t\t<span class=\"elementor-button-text\">privacy clause us (PDF)<\/span>\n\t\t\t\t\t<\/span>\n\t\t\t\t\t<\/a>\n\t\t\t\t<\/div>\n\t\t\t\t\t\t\t\t<\/div>\n\t\t\t\t<\/div>\n\t\t\t\t\t<\/div>\n\t\t<\/div>\n\t\t\t\t\t<\/div>\n\t\t<\/section>\n\t\t\t\t<\/div>\n\t\t","protected":false},"excerpt":{"rendered":"<p>DATENSCHUTZ Datenschutzerkl\u00e4rung und Hinweise zur Datenverarbeitung Kontaktdaten verantwortliche Stelle und Datenschutzbeauftragter Verantwortliche Stelle: Union Special GmbH Raiffeisenstra\u00dfe 3 71696 M\u00f6glingen Telefon: 07141 \/ 247-0 Telefax: 07141 \/ 247-100 E-Mail: Sales@UnionSpecial.de www.unionspecial.de Datenschutzbeauftragter: Der Datenschutzbeauftragte ist unter der o.g. Anschrift beziehungsweise unter Datenschutz@UnionSpecial.de erreichbar. 1. Datenschutz Wir freuen uns \u00fcber Ihren Besuch auf unseren Webseiten und [&hellip;]<\/p>\n","protected":false},"author":1,"featured_media":0,"parent":0,"menu_order":15,"comment_status":"closed","ping_status":"closed","template":"","meta":{"_acf_changed":false,"footnotes":""},"class_list":["post-7902","page","type-page","status-publish","hentry"],"acf":[],"_links":{"self":[{"href":"https:\/\/union-special.com\/en\/wp-json\/wp\/v2\/pages\/7902","targetHints":{"allow":["GET"]}}],"collection":[{"href":"https:\/\/union-special.com\/en\/wp-json\/wp\/v2\/pages"}],"about":[{"href":"https:\/\/union-special.com\/en\/wp-json\/wp\/v2\/types\/page"}],"author":[{"embeddable":true,"href":"https:\/\/union-special.com\/en\/wp-json\/wp\/v2\/users\/1"}],"replies":[{"embeddable":true,"href":"https:\/\/union-special.com\/en\/wp-json\/wp\/v2\/comments?post=7902"}],"version-history":[{"count":2,"href":"https:\/\/union-special.com\/en\/wp-json\/wp\/v2\/pages\/7902\/revisions"}],"predecessor-version":[{"id":9035,"href":"https:\/\/union-special.com\/en\/wp-json\/wp\/v2\/pages\/7902\/revisions\/9035"}],"wp:attachment":[{"href":"https:\/\/union-special.com\/en\/wp-json\/wp\/v2\/media?parent=7902"}],"curies":[{"name":"wp","href":"https:\/\/api.w.org\/{rel}","templated":true}]}}