{"id":5264,"date":"2023-02-24T11:52:18","date_gmt":"2023-02-24T10:52:18","guid":{"rendered":"https:\/\/union-special.com\/karriere\/"},"modified":"2025-03-04T16:43:00","modified_gmt":"2025-03-04T15:43:00","slug":"career","status":"publish","type":"page","link":"https:\/\/union-special.com\/en\/career\/","title":{"rendered":"Career"},"content":{"rendered":"\t\t<div data-elementor-type=\"wp-page\" data-elementor-id=\"5264\" class=\"elementor elementor-5264 elementor-240\" data-elementor-post-type=\"page\">\n\t\t\t\t\t\t<section data-dce-background-image-url=\"https:\/\/union-special.com\/wp-content\/uploads\/2023\/04\/Alcatobe_A_captivating_and_insightful_photograph_of_a_job_inter_56ef3b01-478d-47d1-b949-353d03797fbf.jpg\" class=\"elementor-section elementor-top-section elementor-element elementor-element-3b9c5467 elementor-section-height-min-height elementor-section-boxed elementor-section-height-default elementor-section-items-middle\" data-id=\"3b9c5467\" data-element_type=\"section\" data-e-type=\"section\" data-settings=\"{&quot;background_background&quot;:&quot;classic&quot;}\">\n\t\t\t\t\t\t<div class=\"elementor-container elementor-column-gap-default\">\n\t\t\t\t\t<div class=\"elementor-column elementor-col-100 elementor-top-column elementor-element elementor-element-a1133ba\" data-id=\"a1133ba\" data-element_type=\"column\" data-e-type=\"column\">\n\t\t\t<div class=\"elementor-widget-wrap elementor-element-populated\">\n\t\t\t\t\t\t<section class=\"elementor-section elementor-inner-section elementor-element elementor-element-212cd961 elementor-section-boxed elementor-section-height-default elementor-section-height-default\" data-id=\"212cd961\" data-element_type=\"section\" data-e-type=\"section\">\n\t\t\t\t\t\t<div class=\"elementor-container elementor-column-gap-default\">\n\t\t\t\t\t<div class=\"elementor-column elementor-col-50 elementor-inner-column elementor-element elementor-element-466b6d48\" data-id=\"466b6d48\" data-element_type=\"column\" data-e-type=\"column\">\n\t\t\t<div class=\"elementor-widget-wrap elementor-element-populated\">\n\t\t\t\t\t\t<div class=\"elementor-element elementor-element-71b2af17 elementor-widget elementor-widget-heading\" data-id=\"71b2af17\" data-element_type=\"widget\" data-e-type=\"widget\" data-widget_type=\"heading.default\">\n\t\t\t\t<div class=\"elementor-widget-container\">\n\t\t\t\t\t<h2 class=\"elementor-heading-title elementor-size-default\">Job offers<\/h2>\t\t\t\t<\/div>\n\t\t\t\t<\/div>\n\t\t\t\t<div class=\"elementor-element elementor-element-34ee3179 elementor-widget elementor-widget-text-editor\" data-id=\"34ee3179\" data-element_type=\"widget\" data-e-type=\"widget\" data-widget_type=\"text-editor.default\">\n\t\t\t\t<div class=\"elementor-widget-container\">\n\t\t\t\t\t\t\t\t\t<p>Join our team and bring your unique skills and talents to an exciting career.<\/p>\n\t\t\t\t\t\t\t\t<\/div>\n\t\t\t\t<\/div>\n\t\t\t\t\t<\/div>\n\t\t<\/div>\n\t\t\t\t<div class=\"elementor-column elementor-col-50 elementor-inner-column elementor-element elementor-element-3dc71662\" data-id=\"3dc71662\" data-element_type=\"column\" data-e-type=\"column\">\n\t\t\t<div class=\"elementor-widget-wrap\">\n\t\t\t\t\t\t\t<\/div>\n\t\t<\/div>\n\t\t\t\t\t<\/div>\n\t\t<\/section>\n\t\t\t\t\t<\/div>\n\t\t<\/div>\n\t\t\t\t\t<\/div>\n\t\t<\/section>\n\t\t\t\t<section class=\"elementor-section elementor-top-section elementor-element elementor-element-72bb636 elementor-section-boxed elementor-section-height-default elementor-section-height-default\" data-id=\"72bb636\" data-element_type=\"section\" data-e-type=\"section\">\n\t\t\t\t\t\t<div class=\"elementor-container elementor-column-gap-default\">\n\t\t\t\t\t<div class=\"exad-link-anything-wrapper elementor-column elementor-col-100 elementor-top-column elementor-element elementor-element-b7251eb\" data-exad-element-link=\"{&quot;url&quot;:&quot;https:\\\/\\\/union-special.com\\\/?page_id=11315&quot;,&quot;is_external&quot;:&quot;&quot;,&quot;nofollow&quot;:&quot;&quot;,&quot;custom_attributes&quot;:&quot;&quot;}\" style=\"cursor: pointer\" data-id=\"b7251eb\" data-element_type=\"column\" data-e-type=\"column\" data-settings=\"{&quot;background_background&quot;:&quot;classic&quot;}\">\n\t\t\t<div class=\"elementor-widget-wrap elementor-element-populated\">\n\t\t\t\t\t\t<div class=\"elementor-element elementor-element-830bf16 elementor-widget elementor-widget-heading\" data-id=\"830bf16\" data-element_type=\"widget\" data-e-type=\"widget\" data-widget_type=\"heading.default\">\n\t\t\t\t<div class=\"elementor-widget-container\">\n\t\t\t\t\t<h2 class=\"elementor-heading-title elementor-size-default\">Currently, there are no open positions.<\/h2>\t\t\t\t<\/div>\n\t\t\t\t<\/div>\n\t\t\t\t\t<\/div>\n\t\t<\/div>\n\t\t\t\t\t<\/div>\n\t\t<\/section>\n\t\t<!-- dce invisible element 2809ed2 --><!-- dce invisible element 1498452 --><!-- dce invisible element 858f16f -->\t\t<\/div>\n\t\t","protected":false},"excerpt":{"rendered":"<p>Job offers Join our team and bring your unique skills and talents to an exciting career. Currently, there are no open positions. Elektriker (m\/w\/d) Zur Verst\u00e4rkung unseres Teams an unserem Hauptsitz in M\u00f6glingen suchen wir zum n\u00e4chstm\u00f6glichen Zeitpunkt einen Elektriker. mehr erfahren Versand-Sachbearbeiter (m\/w\/d) Zur Verst\u00e4rkung unseres Teams an unserem Hauptsitz in M\u00f6glingen suchen wir [&hellip;]<\/p>\n","protected":false},"author":1,"featured_media":0,"parent":0,"menu_order":13,"comment_status":"closed","ping_status":"closed","template":"","meta":{"_acf_changed":false,"footnotes":""},"class_list":["post-5264","page","type-page","status-publish","hentry"],"acf":[],"_links":{"self":[{"href":"https:\/\/union-special.com\/en\/wp-json\/wp\/v2\/pages\/5264","targetHints":{"allow":["GET"]}}],"collection":[{"href":"https:\/\/union-special.com\/en\/wp-json\/wp\/v2\/pages"}],"about":[{"href":"https:\/\/union-special.com\/en\/wp-json\/wp\/v2\/types\/page"}],"author":[{"embeddable":true,"href":"https:\/\/union-special.com\/en\/wp-json\/wp\/v2\/users\/1"}],"replies":[{"embeddable":true,"href":"https:\/\/union-special.com\/en\/wp-json\/wp\/v2\/comments?post=5264"}],"version-history":[{"count":9,"href":"https:\/\/union-special.com\/en\/wp-json\/wp\/v2\/pages\/5264\/revisions"}],"predecessor-version":[{"id":11994,"href":"https:\/\/union-special.com\/en\/wp-json\/wp\/v2\/pages\/5264\/revisions\/11994"}],"wp:attachment":[{"href":"https:\/\/union-special.com\/en\/wp-json\/wp\/v2\/media?parent=5264"}],"curies":[{"name":"wp","href":"https:\/\/api.w.org\/{rel}","templated":true}]}}